{"id":4428,"date":"2017-01-04T17:27:34","date_gmt":"2017-01-04T16:27:34","guid":{"rendered":"https:\/\/agencepoush-newmatriciel.pf503.wpserveur.net\/a-propos\/"},"modified":"2024-04-25T14:24:56","modified_gmt":"2024-04-25T12:24:56","slug":"about-us","status":"publish","type":"page","link":"https:\/\/www.matriciel.be\/en\/about-us\/","title":{"rendered":"About us"},"content":{"rendered":"<div class=\"wpb-content-wrapper\"><p>[vc_row type=&#8221;vc_default&#8221; full_width=&#8221;stretch_row_content&#8221; margin_top=&#8221;-45&#8243;][vc_column css=&#8221;.vc_custom_1603873661033{padding-top: 0px !important;}&#8221;][vc_column_text el_class=&#8221;custom-copyright&#8221;]<\/p>\n<p style=\"text-align: right;\">\u00a9Nathalie Van Eygen| Project Owner: Universit\u00e9 Saint-Louis | Architect: Archi 2000<\/p>\n<p>[\/vc_column_text][\/vc_column][\/vc_row][vc_row css=&#8221;.vc_custom_1603877695298{margin-bottom: 50px !important;}&#8221;][vc_column][vc_column_text css=&#8221;&#8221;]MATRIciel\u00a0 by Oteis is a sustainable building engineering firm created in 2005 by researchers from the Architecture and Climate research unit of the Catholic University of Louvain to put academic tools at the service of the building sector. The ambition was, and still is, to develop all the dimensions of Sustainable Development in a pragmatic and realistic manner.<\/p>\n<p>MATRIciel by Oteis thus aims to limit the environmental impact of buildings while maximizing the comfort, health and well-being of the occupants, by decoupling resource use and greenhouse gas emissions from real estate growth..<\/p>\n<p>We refuse to believe that every problem has a &#8220;high-tech&#8221; solution and are instead adopting an approach based on bioclimaticism and the circular economy to help project developers design places that are frugal in energy, materials and technicality, from the scale of the building to that of the territory.[\/vc_column_text][\/vc_column][\/vc_row][vc_row type=&#8221;vc_default&#8221; gap=&#8221;10&#8243;][vc_column][vc_column_text]<\/p>\n<h2 class=\"custom-square\" style=\"text-align: center;\">Our Added Value<\/h2>\n<p>[\/vc_column_text][\/vc_column][\/vc_row][vc_row type=&#8221;vc_default&#8221; gap=&#8221;15&#8243;][vc_column width=&#8221;1\/2&#8243;][vc_column_text css=&#8221;&#8221;]<\/p>\n<h4>We provide architectural solutions that are sober and respectful of the environment, and slow-tech and frugal technologies that are :<\/h4>\n<ul>\n<li>Sustainable : sober in use and designed using a reduced amount of resources, favouring bio-based materials and building systems, and built at a price that is fair and affordable for all.<\/li>\n<li>Repairable and robust : easy to maintain and renovate, designed for a long life span, and simple to operate and understand for most people.<\/li>\n<li>Reusable and recyclable : allowing for maximum disassembly and recovery of resources at the time of recycling (principle of Buildings as Material Banks).<\/li>\n<\/ul>\n<p>[\/vc_column_text][\/vc_column][vc_column width=&#8221;1\/2&#8243;][vc_column_text css=&#8221;&#8221;]<\/p>\n<h4>We design and certifie buildings with high environmental quality and has the expertise to reduce the gap between planned and actual performance :<\/h4>\n<ul>\n<li>Holistic design of the whole building.<\/li>\n<li>Proficiency in computer simulation tools for a better estimation of expected comfort and consumption.<\/li>\n<li>Monitoring of environmental ambitions throughout the project.<\/li>\n<li>Commissioning of the technical installations so that they can operate at their best efficiency.<\/li>\n<li>Choice of low-tech technical solutions and drafting of user guides so that the building and its controls are easy to understand and can be managed and used efficiently<\/li>\n<\/ul>\n<p>[\/vc_column_text][\/vc_column][\/vc_row][vc_row type=&#8221;vc_default&#8221; gap=&#8221;15&#8243;][vc_column width=&#8221;1\/2&#8243;][vc_column_text css=&#8221;&#8221;]<\/p>\n<h4>We conduct studies to increase the comfort, health and well-being of the occupants :<\/h4>\n<ul>\n<li>Building physics studies (constructional nodes, air tightness, water vapour migration, &#8230;).<\/li>\n<li>Studies to determine the best compromise between natural light and thermal comfort.<\/li>\n<li>Studies of artificial lighting systems, ventilation systems and individual temperature control devices that are optimized for workplaces.<\/li>\n<li>Choice of materials that are not harmful to the occupants.<\/li>\n<li>Urban comfort studies (wind and sunlight) to avoid heat islands.<\/li>\n<\/ul>\n<p>[\/vc_column_text][\/vc_column][vc_column width=&#8221;1\/2&#8243;][vc_column_text css=&#8221;&#8221;]<\/p>\n<h4>We provide advice on how to respect Nature and mitigate environmental risks and pressure on natural resources :<\/h4>\n<ul>\n<li>Water cycle management studies to mitigate the risks of flooding and pressure on water as a natural resource (drinking and irrigation).<\/li>\n<li>Circular design and carbon footprint studies to mitigate land artificialisation and pressure on natural resources used as building materials.<\/li>\n<li>Biodiversity studies to preserve and protect Nature so as to mitigate the decline of biodiversity and restore ecosystem services.<\/li>\n<\/ul>\n<p>[\/vc_column_text][\/vc_column][\/vc_row]<\/p>\n<\/div>","protected":false},"excerpt":{"rendered":"<p>[vc_row type=&#8221;vc_default&#8221; full_width=&#8221;stretch_row_content&#8221; margin_top=&#8221;-45&#8243;][vc_column css=&#8221;.vc_custom_1603873661033{padding-top: 0px !important;}&#8221;][vc_column_text el_class=&#8221;custom-copyright&#8221;] \u00a9Nathalie Van Eygen| Project Owner: Universit\u00e9 Saint-Louis | Architect: Archi 2000 [\/vc_column_text][\/vc_column][\/vc_row][vc_row css=&#8221;.vc_custom_1603877695298{margin-bottom: 50px !important;}&#8221;][vc_column][vc_column_text css=&#8221;&#8221;]MATRIciel\u00a0 by Oteis is a sustainable building engineering firm created in 2005 by researchers from the Architecture and Climate research unit of the Catholic University of Louvain to put academic tools at&hellip;<\/p>\n","protected":false},"author":4,"featured_media":0,"parent":0,"menu_order":3,"comment_status":"closed","ping_status":"closed","template":"","meta":{"footnotes":""},"class_list":["post-4428","page","type-page","status-publish","hentry","description-off"],"yoast_head":"<!-- This site is optimized with the Yoast SEO plugin v27.4 - https:\/\/yoast.com\/product\/yoast-seo-wordpress\/ -->\n<title>MATRIciel by Oteis, An approach based on bioclimatism and the circular economy<\/title>\n<meta name=\"description\" content=\"MATRIciel by Oteis, a sustainable building engineering firm that aims to limit the impact of building construction on nature while maximizing the comfort, health and well-being of users indoors and outdoors.\" \/>\n<meta name=\"robots\" content=\"index, follow, max-snippet:-1, max-image-preview:large, max-video-preview:-1\" \/>\n<link rel=\"canonical\" href=\"https:\/\/www.matriciel.be\/en\/about-us\/\" \/>\n<meta property=\"og:locale\" content=\"en_US\" \/>\n<meta property=\"og:type\" content=\"article\" \/>\n<meta property=\"og:title\" content=\"MATRIciel, c&#039;est une exp\u00e9rience, des valeurs et une \u00e9quipe soud\u00e9e\" \/>\n<meta property=\"og:description\" content=\"D\u00e9couvrez l&#039;historique de MATRIciel ainsi que toute son \u00e9quipe.\" \/>\n<meta property=\"og:url\" content=\"https:\/\/www.matriciel.be\/en\/about-us\/\" \/>\n<meta property=\"og:site_name\" content=\"MATRIciel\" \/>\n<meta property=\"article:modified_time\" content=\"2024-04-25T12:24:56+00:00\" \/>\n<meta name=\"twitter:card\" content=\"summary_large_image\" \/>\n<meta name=\"twitter:label1\" content=\"Est. reading time\" \/>\n\t<meta name=\"twitter:data1\" content=\"3 minutes\" \/>\n<script type=\"application\/ld+json\" class=\"yoast-schema-graph\">{\"@context\":\"https:\\\/\\\/schema.org\",\"@graph\":[{\"@type\":\"WebPage\",\"@id\":\"https:\\\/\\\/www.matriciel.be\\\/en\\\/about-us\\\/\",\"url\":\"https:\\\/\\\/www.matriciel.be\\\/en\\\/about-us\\\/\",\"name\":\"MATRIciel by Oteis, An approach based on bioclimatism and the circular economy\",\"isPartOf\":{\"@id\":\"https:\\\/\\\/www.matriciel.be\\\/#website\"},\"datePublished\":\"2017-01-04T16:27:34+00:00\",\"dateModified\":\"2024-04-25T12:24:56+00:00\",\"description\":\"MATRIciel by Oteis, a sustainable building engineering firm that aims to limit the impact of building construction on nature while maximizing the comfort, health and well-being of users indoors and outdoors.\",\"breadcrumb\":{\"@id\":\"https:\\\/\\\/www.matriciel.be\\\/en\\\/about-us\\\/#breadcrumb\"},\"inLanguage\":\"en-US\",\"potentialAction\":[{\"@type\":\"ReadAction\",\"target\":[\"https:\\\/\\\/www.matriciel.be\\\/en\\\/about-us\\\/\"]}]},{\"@type\":\"BreadcrumbList\",\"@id\":\"https:\\\/\\\/www.matriciel.be\\\/en\\\/about-us\\\/#breadcrumb\",\"itemListElement\":[{\"@type\":\"ListItem\",\"position\":1,\"name\":\"Accueil\",\"item\":\"https:\\\/\\\/www.matriciel.be\\\/en\\\/\"},{\"@type\":\"ListItem\",\"position\":2,\"name\":\"About us\"}]},{\"@type\":\"WebSite\",\"@id\":\"https:\\\/\\\/www.matriciel.be\\\/#website\",\"url\":\"https:\\\/\\\/www.matriciel.be\\\/\",\"name\":\"MATRIciel\",\"description\":\"Bureau d&#039;\u00e9tude et de conseil en architecture durable\",\"potentialAction\":[{\"@type\":\"SearchAction\",\"target\":{\"@type\":\"EntryPoint\",\"urlTemplate\":\"https:\\\/\\\/www.matriciel.be\\\/?s={search_term_string}\"},\"query-input\":{\"@type\":\"PropertyValueSpecification\",\"valueRequired\":true,\"valueName\":\"search_term_string\"}}],\"inLanguage\":\"en-US\"}]}<\/script>\n<!-- \/ Yoast SEO plugin. -->","yoast_head_json":{"title":"MATRIciel by Oteis, An approach based on bioclimatism and the circular economy","description":"MATRIciel by Oteis, a sustainable building engineering firm that aims to limit the impact of building construction on nature while maximizing the comfort, health and well-being of users indoors and outdoors.","robots":{"index":"index","follow":"follow","max-snippet":"max-snippet:-1","max-image-preview":"max-image-preview:large","max-video-preview":"max-video-preview:-1"},"canonical":"https:\/\/www.matriciel.be\/en\/about-us\/","og_locale":"en_US","og_type":"article","og_title":"MATRIciel, c'est une exp\u00e9rience, des valeurs et une \u00e9quipe soud\u00e9e","og_description":"D\u00e9couvrez l'historique de MATRIciel ainsi que toute son \u00e9quipe.","og_url":"https:\/\/www.matriciel.be\/en\/about-us\/","og_site_name":"MATRIciel","article_modified_time":"2024-04-25T12:24:56+00:00","twitter_card":"summary_large_image","twitter_misc":{"Est. reading time":"3 minutes"},"schema":{"@context":"https:\/\/schema.org","@graph":[{"@type":"WebPage","@id":"https:\/\/www.matriciel.be\/en\/about-us\/","url":"https:\/\/www.matriciel.be\/en\/about-us\/","name":"MATRIciel by Oteis, An approach based on bioclimatism and the circular economy","isPartOf":{"@id":"https:\/\/www.matriciel.be\/#website"},"datePublished":"2017-01-04T16:27:34+00:00","dateModified":"2024-04-25T12:24:56+00:00","description":"MATRIciel by Oteis, a sustainable building engineering firm that aims to limit the impact of building construction on nature while maximizing the comfort, health and well-being of users indoors and outdoors.","breadcrumb":{"@id":"https:\/\/www.matriciel.be\/en\/about-us\/#breadcrumb"},"inLanguage":"en-US","potentialAction":[{"@type":"ReadAction","target":["https:\/\/www.matriciel.be\/en\/about-us\/"]}]},{"@type":"BreadcrumbList","@id":"https:\/\/www.matriciel.be\/en\/about-us\/#breadcrumb","itemListElement":[{"@type":"ListItem","position":1,"name":"Accueil","item":"https:\/\/www.matriciel.be\/en\/"},{"@type":"ListItem","position":2,"name":"About us"}]},{"@type":"WebSite","@id":"https:\/\/www.matriciel.be\/#website","url":"https:\/\/www.matriciel.be\/","name":"MATRIciel","description":"Bureau d&#039;\u00e9tude et de conseil en architecture durable","potentialAction":[{"@type":"SearchAction","target":{"@type":"EntryPoint","urlTemplate":"https:\/\/www.matriciel.be\/?s={search_term_string}"},"query-input":{"@type":"PropertyValueSpecification","valueRequired":true,"valueName":"search_term_string"}}],"inLanguage":"en-US"}]}},"jetpack_shortlink":"https:\/\/wp.me\/P8HVJL-19q","jetpack_sharing_enabled":true,"_links":{"self":[{"href":"https:\/\/www.matriciel.be\/en\/wp-json\/wp\/v2\/pages\/4428","targetHints":{"allow":["GET"]}}],"collection":[{"href":"https:\/\/www.matriciel.be\/en\/wp-json\/wp\/v2\/pages"}],"about":[{"href":"https:\/\/www.matriciel.be\/en\/wp-json\/wp\/v2\/types\/page"}],"author":[{"embeddable":true,"href":"https:\/\/www.matriciel.be\/en\/wp-json\/wp\/v2\/users\/4"}],"replies":[{"embeddable":true,"href":"https:\/\/www.matriciel.be\/en\/wp-json\/wp\/v2\/comments?post=4428"}],"version-history":[{"count":13,"href":"https:\/\/www.matriciel.be\/en\/wp-json\/wp\/v2\/pages\/4428\/revisions"}],"predecessor-version":[{"id":20550,"href":"https:\/\/www.matriciel.be\/en\/wp-json\/wp\/v2\/pages\/4428\/revisions\/20550"}],"wp:attachment":[{"href":"https:\/\/www.matriciel.be\/en\/wp-json\/wp\/v2\/media?parent=4428"}],"curies":[{"name":"wp","href":"https:\/\/api.w.org\/{rel}","templated":true}]}}