{"id":4427,"date":"2017-01-04T17:27:34","date_gmt":"2017-01-04T16:27:34","guid":{"rendered":"https:\/\/agencepoush-newmatriciel.pf503.wpserveur.net\/a-propos\/"},"modified":"2024-04-25T14:23:17","modified_gmt":"2024-04-25T12:23:17","slug":"over-ons","status":"publish","type":"page","link":"https:\/\/www.matriciel.be\/nl\/over-ons\/","title":{"rendered":"Over ons"},"content":{"rendered":"<div class=\"wpb-content-wrapper\"><p>[vc_row type=&#8221;vc_default&#8221; full_width=&#8221;stretch_row_content&#8221; margin_top=&#8221;-45&#8243;][vc_column css=&#8221;.vc_custom_1603873651222{padding-top: 0px !important;}&#8221;][vc_column_text el_class=&#8221;custom-copyright&#8221;]<\/p>\n<p style=\"text-align: right;\">\u00a9Nathalie Van Eygen| Opdrachtgever: Universit\u00e9 Saint-Louis | Architect: Archi 2000<\/p>\n<p>[\/vc_column_text][\/vc_column][\/vc_row][vc_row css=&#8221;.vc_custom_1603877686893{margin-bottom: 50px !important;}&#8221;][vc_column][vc_column_text css=&#8221;&#8221;]MATRIciel by Oteis is een engineeringbedrijf in duurzame gebouwen, een spin-off van de onderzoekseenheid Architectuur en Klimaat van de UCLouvain in Belgi\u00eb. Het bedrijf werd in 2005 opgericht door onderzoekers die de academische instrumenten ten dienste van de bouwsector wilden stellen. De ambitie was, en blijft, om alle dimensies van Duurzame Ontwikkeling op een pragmatische en realistische manier te ontwikkelen.<\/p>\n<p>MATRIciel by Oteis streeft er dus naar om de impact van de bouw van gebouwen op de natuur te beperken en tegelijkertijd het comfort, de gezondheid en het welzijn van de gebruikers binnen en buiten de gebouwen te maximaliseren.<\/p>\n<p>We weigeren te geloven dat elk probleem een &#8220;hightech&#8221; oplossing heeft en kiezen in plaats daarvan voor een aanpak gebaseerd op bioklimatisme en de kringloopeconomie om architecten te helpen bij het ontwerpen van meer duurzame gebouwen.<\/p>\n<p>Wij ontwerpen plaatsen die zuinig zijn qua energie, materialen en techniek, van de schaal van een gebouw tot die van een grondgebied.[\/vc_column_text][\/vc_column][\/vc_row][vc_row type=&#8221;vc_default&#8221; gap=&#8221;10&#8243;][vc_column][vc_column_text]<\/p>\n<h2 class=\"custom-square\" style=\"text-align: center;\">Onze toegevoegde waarde<\/h2>\n<p>[\/vc_column_text][\/vc_column][\/vc_row][vc_row type=&#8221;vc_default&#8221; gap=&#8221;15&#8243;][vc_column width=&#8221;1\/2&#8243;][vc_column_text css=&#8221;&#8221;]<\/p>\n<h4>We schrijven <strong>milieuvriendelijke oplossingen en zachte technologie\u00ebn<\/strong> (&#8220;lowtech&#8221;) voor. Deze zijn:<\/h4>\n<ul>\n<li>Herstelbaar: gemakkelijk te onderhouden en te renoveren, met een eenvoudige en begrijpelijke werking.<\/li>\n<li>Herbruikbaar en recyclebaar: waardoor een maximale recuperatie van hulpbronnen mogelijk is op het moment van de recyclage.<\/li>\n<li>Leefbaar: met gebruik van zo weinig mogelijk hulpbronnen, afkomstig van hernieuwbare hulpbronnen en lokaal geproduceerd tegen een betaalbare prijs.<\/li>\n<\/ul>\n<p>[\/vc_column_text][\/vc_column][vc_column width=&#8221;1\/2&#8243;][vc_column_text css=&#8221;&#8221;]<\/p>\n<h4>Wij ontwerpen en certificeren gebouwen met een <strong>hoge milieukwaliteit<\/strong> en beschikt over de expertise om de kloof tussen de geplande en werkelijke prestaties te verkleinen:<\/h4>\n<ul>\n<li>Beheersing van computersimulatietools die een betere inschatting van het toekomstige energieverbruik mogelijk maken.<\/li>\n<li>Monitoring van de energie- en milieuambities tijdens het project.<\/li>\n<li>Inbedrijfstelling van de technische installaties om deze te optimaliseren en effici\u00ebnt te laten functioneren.<\/li>\n<li>Keuze voor &#8220;lowtech&#8221; technische oplossingen en opstellen van handleidingen om ervoor te zorgen dat het gebouw en zijn bedieningselementen gemakkelijk te begrijpen zijn, en dus effici\u00ebnt kunnen worden beheerd en gebruikt.<\/li>\n<\/ul>\n<p>[\/vc_column_text][\/vc_column][\/vc_row][vc_row type=&#8221;vc_default&#8221; gap=&#8221;15&#8243;][vc_column width=&#8221;1\/2&#8243;][vc_column_text css=&#8221;&#8221;]<\/p>\n<h4>We voeren studies uit om de productiviteit van de werknemers, het<strong> comfort<\/strong>, de <strong>gezondheid<\/strong> en het <strong>welzijn<\/strong> van de bewoners te verhogen:<\/h4>\n<ul>\n<li>Holistisch ontwerp van het hele gebouw.<\/li>\n<li>Studies van het thermisch comfort in de zomer om het risico op oververhitting te beperken.<\/li>\n<li>Studies van de natuurlijke verlichting van de werkplekken om het verbruik van kunstlicht te beperken.<\/li>\n<li>Studies naar geoptimaliseerde technische systemen voor de werkplekken.<\/li>\n<li>Keuze voor materialen die niet schadelijk zijn voor de werknemers.<\/li>\n<\/ul>\n<p>[\/vc_column_text][\/vc_column][vc_column width=&#8221;1\/2&#8243;][vc_column_text css=&#8221;&#8221;]<\/p>\n<h4>We voeren ook studies uit om de milieurisico&#8217;s te beperken:<\/h4>\n<ul>\n<li>Studies van het beheer van de <b>waterkringloop <\/b>om de risico&#8217;s van overstroming en uitputting van het drinkwater te beperken.<\/li>\n<li>Milieustudies en studies van de <b>koolstofvoetafdruk <\/b>om het risico van uitputting van de <b>natuurlijke hulpbronnen <\/b>te verminderen.<\/li>\n<li>Biodiversiteitsstudies om het risico van biodiversiteitsverlies te beperken en ecosysteemdiensten te herstellen.<\/li>\n<\/ul>\n<p>[\/vc_column_text][\/vc_column][\/vc_row]<\/p>\n<\/div>","protected":false},"excerpt":{"rendered":"<p>[vc_row type=&#8221;vc_default&#8221; full_width=&#8221;stretch_row_content&#8221; margin_top=&#8221;-45&#8243;][vc_column css=&#8221;.vc_custom_1603873651222{padding-top: 0px !important;}&#8221;][vc_column_text el_class=&#8221;custom-copyright&#8221;] \u00a9Nathalie Van Eygen| Opdrachtgever: Universit\u00e9 Saint-Louis | Architect: Archi 2000 [\/vc_column_text][\/vc_column][\/vc_row][vc_row css=&#8221;.vc_custom_1603877686893{margin-bottom: 50px !important;}&#8221;][vc_column][vc_column_text css=&#8221;&#8221;]MATRIciel by Oteis is een engineeringbedrijf in duurzame gebouwen, een spin-off van de onderzoekseenheid Architectuur en Klimaat van de UCLouvain in Belgi\u00eb. Het bedrijf werd in 2005 opgericht door onderzoekers die de academische&hellip;<\/p>\n","protected":false},"author":4,"featured_media":0,"parent":0,"menu_order":3,"comment_status":"closed","ping_status":"closed","template":"","meta":{"footnotes":""},"class_list":["post-4427","page","type-page","status-publish","hentry","description-off"],"yoast_head":"<!-- This site is optimized with the Yoast SEO plugin v27.3 - https:\/\/yoast.com\/product\/yoast-seo-wordpress\/ -->\n<title>MATRIciel by Oteis, Een aanpak gebaseerd op bioklimatisme en de kringloopeconomie<\/title>\n<meta name=\"description\" content=\"MATRIciel by Oteis, een engineeringbureau in duurzame gebouwen dat de impact van het bouwen van gebouwen op de natuur wil beperken en tegelijkertijd het comfort, de gezondheid en het welzijn van gebruikers binnen en buiten gebouwen wil maximaliseren.\" \/>\n<meta name=\"robots\" content=\"index, follow, max-snippet:-1, max-image-preview:large, max-video-preview:-1\" \/>\n<link rel=\"canonical\" href=\"https:\/\/www.matriciel.be\/nl\/over-ons\/\" \/>\n<meta property=\"og:locale\" content=\"nl_NL\" \/>\n<meta property=\"og:type\" content=\"article\" \/>\n<meta property=\"og:title\" content=\"MATRIciel, c&#039;est une exp\u00e9rience, des valeurs et une \u00e9quipe soud\u00e9e\" \/>\n<meta property=\"og:description\" content=\"D\u00e9couvrez l&#039;historique de MATRIciel ainsi que toute son \u00e9quipe.\" \/>\n<meta property=\"og:url\" content=\"https:\/\/www.matriciel.be\/nl\/over-ons\/\" \/>\n<meta property=\"og:site_name\" content=\"MATRIciel\" \/>\n<meta property=\"article:modified_time\" content=\"2024-04-25T12:23:17+00:00\" \/>\n<meta name=\"twitter:card\" content=\"summary_large_image\" \/>\n<meta name=\"twitter:label1\" content=\"Geschatte leestijd\" \/>\n\t<meta name=\"twitter:data1\" content=\"3 minuten\" \/>\n<script type=\"application\/ld+json\" class=\"yoast-schema-graph\">{\"@context\":\"https:\\\/\\\/schema.org\",\"@graph\":[{\"@type\":\"WebPage\",\"@id\":\"https:\\\/\\\/www.matriciel.be\\\/nl\\\/over-ons\\\/\",\"url\":\"https:\\\/\\\/www.matriciel.be\\\/nl\\\/over-ons\\\/\",\"name\":\"MATRIciel by Oteis, Een aanpak gebaseerd op bioklimatisme en de kringloopeconomie\",\"isPartOf\":{\"@id\":\"https:\\\/\\\/www.matriciel.be\\\/#website\"},\"datePublished\":\"2017-01-04T16:27:34+00:00\",\"dateModified\":\"2024-04-25T12:23:17+00:00\",\"description\":\"MATRIciel by Oteis, een engineeringbureau in duurzame gebouwen dat de impact van het bouwen van gebouwen op de natuur wil beperken en tegelijkertijd het comfort, de gezondheid en het welzijn van gebruikers binnen en buiten gebouwen wil maximaliseren.\",\"breadcrumb\":{\"@id\":\"https:\\\/\\\/www.matriciel.be\\\/nl\\\/over-ons\\\/#breadcrumb\"},\"inLanguage\":\"nl-NL\",\"potentialAction\":[{\"@type\":\"ReadAction\",\"target\":[\"https:\\\/\\\/www.matriciel.be\\\/nl\\\/over-ons\\\/\"]}]},{\"@type\":\"BreadcrumbList\",\"@id\":\"https:\\\/\\\/www.matriciel.be\\\/nl\\\/over-ons\\\/#breadcrumb\",\"itemListElement\":[{\"@type\":\"ListItem\",\"position\":1,\"name\":\"Accueil\",\"item\":\"https:\\\/\\\/www.matriciel.be\\\/nl\\\/\"},{\"@type\":\"ListItem\",\"position\":2,\"name\":\"Over ons\"}]},{\"@type\":\"WebSite\",\"@id\":\"https:\\\/\\\/www.matriciel.be\\\/#website\",\"url\":\"https:\\\/\\\/www.matriciel.be\\\/\",\"name\":\"MATRIciel\",\"description\":\"Bureau d&#039;\u00e9tude et de conseil en architecture durable\",\"potentialAction\":[{\"@type\":\"SearchAction\",\"target\":{\"@type\":\"EntryPoint\",\"urlTemplate\":\"https:\\\/\\\/www.matriciel.be\\\/?s={search_term_string}\"},\"query-input\":{\"@type\":\"PropertyValueSpecification\",\"valueRequired\":true,\"valueName\":\"search_term_string\"}}],\"inLanguage\":\"nl-NL\"}]}<\/script>\n<!-- \/ Yoast SEO plugin. -->","yoast_head_json":{"title":"MATRIciel by Oteis, Een aanpak gebaseerd op bioklimatisme en de kringloopeconomie","description":"MATRIciel by Oteis, een engineeringbureau in duurzame gebouwen dat de impact van het bouwen van gebouwen op de natuur wil beperken en tegelijkertijd het comfort, de gezondheid en het welzijn van gebruikers binnen en buiten gebouwen wil maximaliseren.","robots":{"index":"index","follow":"follow","max-snippet":"max-snippet:-1","max-image-preview":"max-image-preview:large","max-video-preview":"max-video-preview:-1"},"canonical":"https:\/\/www.matriciel.be\/nl\/over-ons\/","og_locale":"nl_NL","og_type":"article","og_title":"MATRIciel, c'est une exp\u00e9rience, des valeurs et une \u00e9quipe soud\u00e9e","og_description":"D\u00e9couvrez l'historique de MATRIciel ainsi que toute son \u00e9quipe.","og_url":"https:\/\/www.matriciel.be\/nl\/over-ons\/","og_site_name":"MATRIciel","article_modified_time":"2024-04-25T12:23:17+00:00","twitter_card":"summary_large_image","twitter_misc":{"Geschatte leestijd":"3 minuten"},"schema":{"@context":"https:\/\/schema.org","@graph":[{"@type":"WebPage","@id":"https:\/\/www.matriciel.be\/nl\/over-ons\/","url":"https:\/\/www.matriciel.be\/nl\/over-ons\/","name":"MATRIciel by Oteis, Een aanpak gebaseerd op bioklimatisme en de kringloopeconomie","isPartOf":{"@id":"https:\/\/www.matriciel.be\/#website"},"datePublished":"2017-01-04T16:27:34+00:00","dateModified":"2024-04-25T12:23:17+00:00","description":"MATRIciel by Oteis, een engineeringbureau in duurzame gebouwen dat de impact van het bouwen van gebouwen op de natuur wil beperken en tegelijkertijd het comfort, de gezondheid en het welzijn van gebruikers binnen en buiten gebouwen wil maximaliseren.","breadcrumb":{"@id":"https:\/\/www.matriciel.be\/nl\/over-ons\/#breadcrumb"},"inLanguage":"nl-NL","potentialAction":[{"@type":"ReadAction","target":["https:\/\/www.matriciel.be\/nl\/over-ons\/"]}]},{"@type":"BreadcrumbList","@id":"https:\/\/www.matriciel.be\/nl\/over-ons\/#breadcrumb","itemListElement":[{"@type":"ListItem","position":1,"name":"Accueil","item":"https:\/\/www.matriciel.be\/nl\/"},{"@type":"ListItem","position":2,"name":"Over ons"}]},{"@type":"WebSite","@id":"https:\/\/www.matriciel.be\/#website","url":"https:\/\/www.matriciel.be\/","name":"MATRIciel","description":"Bureau d&#039;\u00e9tude et de conseil en architecture durable","potentialAction":[{"@type":"SearchAction","target":{"@type":"EntryPoint","urlTemplate":"https:\/\/www.matriciel.be\/?s={search_term_string}"},"query-input":{"@type":"PropertyValueSpecification","valueRequired":true,"valueName":"search_term_string"}}],"inLanguage":"nl-NL"}]}},"jetpack_shortlink":"https:\/\/wp.me\/P8HVJL-19p","jetpack_sharing_enabled":true,"_links":{"self":[{"href":"https:\/\/www.matriciel.be\/nl\/wp-json\/wp\/v2\/pages\/4427","targetHints":{"allow":["GET"]}}],"collection":[{"href":"https:\/\/www.matriciel.be\/nl\/wp-json\/wp\/v2\/pages"}],"about":[{"href":"https:\/\/www.matriciel.be\/nl\/wp-json\/wp\/v2\/types\/page"}],"author":[{"embeddable":true,"href":"https:\/\/www.matriciel.be\/nl\/wp-json\/wp\/v2\/users\/4"}],"replies":[{"embeddable":true,"href":"https:\/\/www.matriciel.be\/nl\/wp-json\/wp\/v2\/comments?post=4427"}],"version-history":[{"count":8,"href":"https:\/\/www.matriciel.be\/nl\/wp-json\/wp\/v2\/pages\/4427\/revisions"}],"predecessor-version":[{"id":20549,"href":"https:\/\/www.matriciel.be\/nl\/wp-json\/wp\/v2\/pages\/4427\/revisions\/20549"}],"wp:attachment":[{"href":"https:\/\/www.matriciel.be\/nl\/wp-json\/wp\/v2\/media?parent=4427"}],"curies":[{"name":"wp","href":"https:\/\/api.w.org\/{rel}","templated":true}]}}